{"id":80,"date":"2021-10-18T09:51:52","date_gmt":"2021-10-18T16:51:52","guid":{"rendered":"https:\/\/mdstelecomm.com\/?page_id=80"},"modified":"2021-11-24T19:21:48","modified_gmt":"2021-11-25T02:21:48","slug":"infraestructura","status":"publish","type":"page","link":"https:\/\/mdstelecomm.com\/index.php\/infraestructura\/","title":{"rendered":"Infraestructura"},"content":{"rendered":"\n<hr class=\"wp-block-separator has-text-color has-background\" style=\"background-color:#ffa35e;color:#ffa35e\" id=\"cab-estruc\"\/>\n\n\n\n<hr class=\"wp-block-separator has-text-color has-background\" style=\"background-color:#ffa35e;color:#ffa35e\"\/>\n\n\n\n<hr class=\"wp-block-separator has-text-color has-background\" style=\"background-color:#ffa35e;color:#ffa35e\"\/>\n\n\n\n<div class=\"wp-block-media-text alignwide is-stacked-on-mobile\" style=\"grid-template-columns:30% auto\"><figure class=\"wp-block-media-text__media\"><img loading=\"lazy\" decoding=\"async\" width=\"150\" height=\"150\" src=\"https:\/\/mdstelecomm.com\/wp-content\/uploads\/2021\/10\/cableadoEstr-1024x334-2-150x150.png\" alt=\"\" class=\"wp-image-84 size-thumbnail\"\/><\/figure><div class=\"wp-block-media-text__content\">\n<h2 class=\"wp-block-heading\">Cableado Estructurado<\/h2>\n\n\n\n<p class=\"has-large-font-size\">En MDS Telecomm brindamos servicios de redes de voz y datos para darle conectividad estable en cualquiera de sus equipos<\/p>\n<\/div><\/div>\n\n\n\n<hr class=\"wp-block-separator has-text-color has-background\" style=\"background-color:#ffa35e;color:#ffa35e\" id=\"CCTV\"\/>\n\n\n\n<hr class=\"wp-block-separator has-text-color has-background\" style=\"background-color:#ffa35e;color:#ffa35e\"\/>\n\n\n\n<hr class=\"wp-block-separator has-text-color has-background\" style=\"background-color:#ffa35e;color:#ffa35e\"\/>\n\n\n\n<div class=\"wp-block-media-text alignwide has-media-on-the-right is-stacked-on-mobile\" style=\"grid-template-columns:auto 34%\"><figure class=\"wp-block-media-text__media\"><img loading=\"lazy\" decoding=\"async\" width=\"638\" height=\"497\" src=\"https:\/\/mdstelecomm.com\/wp-content\/uploads\/2021\/10\/cctv-Info-1024x567-2.png\" alt=\"\" class=\"wp-image-83 size-full\" srcset=\"https:\/\/mdstelecomm.com\/wp-content\/uploads\/2021\/10\/cctv-Info-1024x567-2.png 638w, https:\/\/mdstelecomm.com\/wp-content\/uploads\/2021\/10\/cctv-Info-1024x567-2-300x234.png 300w\" sizes=\"auto, (max-width: 638px) 100vw, 638px\" \/><\/figure><div class=\"wp-block-media-text__content\">\n<h2 class=\"wp-block-heading\">CCTV<\/h2>\n\n\n\n<p class=\"has-large-font-size\">Creemos que un sistema de vigilancia utilizado de la manera correcta puede proporcionarle seguridad en su empresa o negocio.<\/p>\n<\/div><\/div>\n\n\n\n<hr class=\"wp-block-separator has-text-color has-background\" style=\"background-color:#ffa35e;color:#ffa35e\" id=\"ins-fibra\"\/>\n\n\n\n<hr class=\"wp-block-separator has-text-color has-background\" style=\"background-color:#ffa35e;color:#ffa35e\"\/>\n\n\n\n<hr class=\"wp-block-separator has-text-color has-background\" style=\"background-color:#ffa35e;color:#ffa35e\"\/>\n\n\n\n<div class=\"wp-block-media-text alignwide is-stacked-on-mobile\" style=\"grid-template-columns:28% auto\"><figure class=\"wp-block-media-text__media\"><img loading=\"lazy\" decoding=\"async\" width=\"540\" height=\"960\" src=\"https:\/\/mdstelecomm.com\/wp-content\/uploads\/2021\/11\/254899750_2988055898076272_8380621489557606951_n.jpg\" alt=\"\" class=\"wp-image-202 size-full\" srcset=\"https:\/\/mdstelecomm.com\/wp-content\/uploads\/2021\/11\/254899750_2988055898076272_8380621489557606951_n.jpg 540w, https:\/\/mdstelecomm.com\/wp-content\/uploads\/2021\/11\/254899750_2988055898076272_8380621489557606951_n-169x300.jpg 169w\" sizes=\"auto, (max-width: 540px) 100vw, 540px\" \/><\/figure><div class=\"wp-block-media-text__content\">\n<h2 class=\"wp-block-heading\">Instalacion de fibra \u00f3ptica<\/h2>\n\n\n\n<p class=\"has-large-font-size\">Como empresa de telecomunicaciones, queremos que tengas la certeza de que trabajamos la mejor calidad de productos y servicios disponibles, por ello contamos con instalaciones de fibra \u00f3ptica para mejorar la recepci\u00f3n de se\u00f1al en nuestro cableado, instalaci\u00f3n de CCTV, etc. <\/p>\n<\/div><\/div>\n\n\n\n<hr class=\"wp-block-separator has-text-color has-background\" style=\"background-color:#ffa35e;color:#ffa35e\" id=\"ins-elec\"\/>\n\n\n\n<hr class=\"wp-block-separator has-text-color has-background\" style=\"background-color:#ffa35e;color:#ffa35e\"\/>\n\n\n\n<hr class=\"wp-block-separator has-text-color has-background\" style=\"background-color:#ffa35e;color:#ffa35e\"\/>\n\n\n\n<div class=\"wp-block-media-text alignwide has-media-on-the-right is-stacked-on-mobile\"><figure class=\"wp-block-media-text__media\"><img loading=\"lazy\" decoding=\"async\" width=\"800\" height=\"600\" src=\"https:\/\/mdstelecomm.com\/wp-content\/uploads\/2021\/11\/256004871_240805594633659_8242646098251260192_n.jpg\" alt=\"\" class=\"wp-image-203 size-full\" srcset=\"https:\/\/mdstelecomm.com\/wp-content\/uploads\/2021\/11\/256004871_240805594633659_8242646098251260192_n.jpg 800w, https:\/\/mdstelecomm.com\/wp-content\/uploads\/2021\/11\/256004871_240805594633659_8242646098251260192_n-300x225.jpg 300w, https:\/\/mdstelecomm.com\/wp-content\/uploads\/2021\/11\/256004871_240805594633659_8242646098251260192_n-768x576.jpg 768w\" sizes=\"auto, (max-width: 800px) 100vw, 800px\" \/><\/figure><div class=\"wp-block-media-text__content\">\n<h2 class=\"wp-block-heading\">Instalaciones el\u00e9ctricas<\/h2>\n\n\n\n<p class=\"has-large-font-size\">Como empresa de telecomunicaciones, tambi\u00e9n debemos tener conocimiento de electricidad para brindar un servicio m\u00e1s r\u00e1pido y de mejor calidad, por ello ofrecemos un servicio de instalaci\u00f3n el\u00e9ctrica solo para ti.<\/p>\n<\/div><\/div>\n\n\n\n<hr class=\"wp-block-separator has-text-color has-background\" style=\"background-color:#ffa35e;color:#ffa35e\" id=\"mantenimiento\"\/>\n\n\n\n<hr class=\"wp-block-separator has-text-color has-background\" style=\"background-color:#ffa35e;color:#ffa35e\"\/>\n\n\n\n<hr class=\"wp-block-separator has-text-color has-background\" style=\"background-color:#ffa35e;color:#ffa35e\"\/>\n\n\n\n<h2 class=\"wp-block-heading\">Mantenimiento<\/h2>\n\n\n\n<p class=\"has-large-font-size\">Como empresa de telecomunicaciones, nos preocupa que no puedas mantenerte en contacto con otras personas debido a un mal funcionamiento de tu equipo o alguna falla en tu red, por ello ofrecemos un servicio de mantenimiento para tu equipo o la infraestructura de tu red local para reparar y mejorar la forma y el tiempo que tarda la informaci\u00f3n en llegar a las personas que quie <\/p>\n\n\n\n<figure class=\"wp-block-gallery alignwide columns-2 is-cropped wp-block-gallery-1 is-layout-flex wp-block-gallery-is-layout-flex\"><ul class=\"blocks-gallery-grid\"><li class=\"blocks-gallery-item\"><figure><img loading=\"lazy\" decoding=\"async\" width=\"800\" height=\"600\" src=\"https:\/\/mdstelecomm.com\/wp-content\/uploads\/2021\/11\/255368257_644161893617396_8760720549503721937_n-1.jpg\" alt=\"\" data-id=\"197\" data-full-url=\"https:\/\/mdstelecomm.com\/wp-content\/uploads\/2021\/11\/255368257_644161893617396_8760720549503721937_n-1.jpg\" data-link=\"https:\/\/mdstelecomm.com\/index.php\/infraestructura\/255368257_644161893617396_8760720549503721937_n-1\/\" class=\"wp-image-197\" srcset=\"https:\/\/mdstelecomm.com\/wp-content\/uploads\/2021\/11\/255368257_644161893617396_8760720549503721937_n-1.jpg 800w, https:\/\/mdstelecomm.com\/wp-content\/uploads\/2021\/11\/255368257_644161893617396_8760720549503721937_n-1-300x225.jpg 300w, https:\/\/mdstelecomm.com\/wp-content\/uploads\/2021\/11\/255368257_644161893617396_8760720549503721937_n-1-768x576.jpg 768w\" sizes=\"auto, (max-width: 800px) 100vw, 800px\" \/><\/figure><\/li><li class=\"blocks-gallery-item\"><figure><img loading=\"lazy\" decoding=\"async\" width=\"800\" height=\"600\" src=\"https:\/\/mdstelecomm.com\/wp-content\/uploads\/2021\/11\/255377189_1250281305441035_8407972506572343843_n.jpg\" alt=\"\" data-id=\"198\" data-full-url=\"https:\/\/mdstelecomm.com\/wp-content\/uploads\/2021\/11\/255377189_1250281305441035_8407972506572343843_n.jpg\" data-link=\"https:\/\/mdstelecomm.com\/index.php\/infraestructura\/255377189_1250281305441035_8407972506572343843_n\/\" class=\"wp-image-198\" srcset=\"https:\/\/mdstelecomm.com\/wp-content\/uploads\/2021\/11\/255377189_1250281305441035_8407972506572343843_n.jpg 800w, https:\/\/mdstelecomm.com\/wp-content\/uploads\/2021\/11\/255377189_1250281305441035_8407972506572343843_n-300x225.jpg 300w, https:\/\/mdstelecomm.com\/wp-content\/uploads\/2021\/11\/255377189_1250281305441035_8407972506572343843_n-768x576.jpg 768w\" sizes=\"auto, (max-width: 800px) 100vw, 800px\" \/><\/figure><\/li><\/ul><\/figure>\n\n\n\n<hr class=\"wp-block-separator has-text-color has-background\" style=\"background-color:#ffa35e;color:#ffa35e\" id=\"proyectos\"\/>\n\n\n\n<hr class=\"wp-block-separator has-text-color has-background\" style=\"background-color:#ffa35e;color:#ffa35e\"\/>\n\n\n\n<hr class=\"wp-block-separator has-text-color has-background\" style=\"background-color:#ffa35e;color:#ffa35e\"\/>\n\n\n\n<div class=\"wp-block-media-text alignwide has-media-on-the-right is-stacked-on-mobile\"><figure class=\"wp-block-media-text__media\"><img loading=\"lazy\" decoding=\"async\" width=\"800\" height=\"450\" src=\"https:\/\/mdstelecomm.com\/wp-content\/uploads\/2021\/11\/255091614_613616019752135_2237016349741423058_n.jpg\" alt=\"\" class=\"wp-image-199 size-full\" srcset=\"https:\/\/mdstelecomm.com\/wp-content\/uploads\/2021\/11\/255091614_613616019752135_2237016349741423058_n.jpg 800w, https:\/\/mdstelecomm.com\/wp-content\/uploads\/2021\/11\/255091614_613616019752135_2237016349741423058_n-300x169.jpg 300w, https:\/\/mdstelecomm.com\/wp-content\/uploads\/2021\/11\/255091614_613616019752135_2237016349741423058_n-768x432.jpg 768w\" sizes=\"auto, (max-width: 800px) 100vw, 800px\" \/><\/figure><div class=\"wp-block-media-text__content\">\n<h2 class=\"wp-block-heading\">Proyectos<\/h2>\n\n\n\n<p class=\"has-large-font-size\">Nuestra empresa ha llevado a cabo proyectos a gran escala con empresas como Imagen radiol\u00f3gica integral, Medim\u00e9xico, entre otros.<\/p>\n<\/div><\/div>\n\n\n\n<hr class=\"wp-block-separator has-text-color has-background\" style=\"background-color:#ffa35e;color:#ffa35e\" id=\"construccion\"\/>\n\n\n\n<hr class=\"wp-block-separator has-text-color has-background\" style=\"background-color:#ffa35e;color:#ffa35e\"\/>\n\n\n\n<hr class=\"wp-block-separator has-text-color has-background\" style=\"background-color:#ffa35e;color:#ffa35e\"\/>\n\n\n\n<div class=\"wp-block-media-text alignwide is-stacked-on-mobile\" style=\"grid-template-columns:36% auto\"><figure class=\"wp-block-media-text__media\"><img loading=\"lazy\" decoding=\"async\" width=\"600\" height=\"800\" src=\"https:\/\/mdstelecomm.com\/wp-content\/uploads\/2021\/11\/255163618_6998134400211845_7572919977412233526_n.jpg\" alt=\"\" class=\"wp-image-201 size-full\" srcset=\"https:\/\/mdstelecomm.com\/wp-content\/uploads\/2021\/11\/255163618_6998134400211845_7572919977412233526_n.jpg 600w, https:\/\/mdstelecomm.com\/wp-content\/uploads\/2021\/11\/255163618_6998134400211845_7572919977412233526_n-225x300.jpg 225w\" sizes=\"auto, (max-width: 600px) 100vw, 600px\" \/><\/figure><div class=\"wp-block-media-text__content\">\n<h2 class=\"wp-block-heading\">Construcci\u00f3n<\/h2>\n\n\n\n<p class=\"has-large-font-size\">MDS tiene como objetivo brindarte un servicio de instalaci\u00f3n de calidad, por ello tenemos especialistas en construcci\u00f3n que son capaces de llevar a cabo el trabajo sin poner en peligro la integridad de su \u00e1rea de trabajo, empresa o su hogar.<\/p>\n<\/div><\/div>\n\n\n\n<hr class=\"wp-block-separator has-text-color has-background\" style=\"background-color:#ffa35e;color:#ffa35e\" id=\"gestion\"\/>\n\n\n\n<hr class=\"wp-block-separator has-text-color has-background\" style=\"background-color:#ffa35e;color:#ffa35e\"\/>\n\n\n\n<hr class=\"wp-block-separator has-text-color has-background\" style=\"background-color:#ffa35e;color:#ffa35e\"\/>\n\n\n\n<div class=\"wp-block-media-text alignwide has-media-on-the-right is-stacked-on-mobile\" style=\"grid-template-columns:auto 30%\"><figure class=\"wp-block-media-text__media\"><img loading=\"lazy\" decoding=\"async\" width=\"540\" height=\"960\" src=\"https:\/\/mdstelecomm.com\/wp-content\/uploads\/2021\/11\/255198685_300644948410402_3730605588017439439_n.jpg\" alt=\"\" class=\"wp-image-200 size-full\" srcset=\"https:\/\/mdstelecomm.com\/wp-content\/uploads\/2021\/11\/255198685_300644948410402_3730605588017439439_n.jpg 540w, https:\/\/mdstelecomm.com\/wp-content\/uploads\/2021\/11\/255198685_300644948410402_3730605588017439439_n-169x300.jpg 169w\" sizes=\"auto, (max-width: 540px) 100vw, 540px\" \/><\/figure><div class=\"wp-block-media-text__content\">\n<h2 class=\"wp-block-heading\" id=\"gestion\">Gesti\u00f3n<\/h2>\n\n\n\n<p class=\"has-large-font-size\">MDS tiene profesionistas administradores capaces de gestionar la carga de trabajo, el stock de material, tiempo para terminar la tarea asignada, entre otros trabajos administrativos.<\/p>\n<\/div><\/div>\n","protected":false},"excerpt":{"rendered":"<p>Cableado Estructurado En MDS Telecomm brindamos servicios de redes de voz y datos para darle conectividad estable en cualquiera de sus equipos CCTV Creemos que un sistema de vigilancia utilizado de la manera correcta puede proporcionarle seguridad en su empresa o negocio. Instalacion de fibra \u00f3ptica Como empresa de telecomunicaciones, queremos que tengas la certeza&hellip; <a class=\"more-link\" href=\"https:\/\/mdstelecomm.com\/index.php\/infraestructura\/\">Continue reading <span class=\"screen-reader-text\">Infraestructura<\/span><\/a><\/p>\n","protected":false},"author":1,"featured_media":0,"parent":0,"menu_order":0,"comment_status":"closed","ping_status":"closed","template":"","meta":{"footnotes":""},"class_list":["post-80","page","type-page","status-publish","hentry","entry"],"_links":{"self":[{"href":"https:\/\/mdstelecomm.com\/index.php\/wp-json\/wp\/v2\/pages\/80","targetHints":{"allow":["GET"]}}],"collection":[{"href":"https:\/\/mdstelecomm.com\/index.php\/wp-json\/wp\/v2\/pages"}],"about":[{"href":"https:\/\/mdstelecomm.com\/index.php\/wp-json\/wp\/v2\/types\/page"}],"author":[{"embeddable":true,"href":"https:\/\/mdstelecomm.com\/index.php\/wp-json\/wp\/v2\/users\/1"}],"replies":[{"embeddable":true,"href":"https:\/\/mdstelecomm.com\/index.php\/wp-json\/wp\/v2\/comments?post=80"}],"version-history":[{"count":13,"href":"https:\/\/mdstelecomm.com\/index.php\/wp-json\/wp\/v2\/pages\/80\/revisions"}],"predecessor-version":[{"id":217,"href":"https:\/\/mdstelecomm.com\/index.php\/wp-json\/wp\/v2\/pages\/80\/revisions\/217"}],"wp:attachment":[{"href":"https:\/\/mdstelecomm.com\/index.php\/wp-json\/wp\/v2\/media?parent=80"}],"curies":[{"name":"wp","href":"https:\/\/api.w.org\/{rel}","templated":true}]}}